{"id":10296,"date":"2025-08-25T14:06:04","date_gmt":"2025-08-25T13:06:04","guid":{"rendered":"https:\/\/www.racefinder.pt\/event\/invernal-btt-cidade-da-guarda\/"},"modified":"2025-08-25T14:06:04","modified_gmt":"2025-08-25T13:06:04","slug":"invernal-btt-cidade-da-guarda","status":"publish","type":"product","link":"https:\/\/racefinder.pt\/pt\/event\/invernal-btt-cidade-da-guarda\/","title":{"rendered":"Invernal BTT &#8211; Cidade da Guarda"},"content":{"rendered":"","protected":false},"excerpt":{"rendered":"","protected":false},"featured_media":10286,"comment_status":"open","ping_status":"closed","template":"","meta":{"_acf_changed":false,"footnotes":""},"product_brand":[],"product_cat":[130,193],"product_tag":[],"class_list":{"0":"post-10296","1":"product","2":"type-product","3":"status-publish","4":"has-post-thumbnail","6":"product_cat-ciclismo","7":"product_cat-btt-pt-2","9":"first","10":"instock","11":"shipping-taxable","12":"purchasable","13":"product-type-variable"},"acf":{"event_date_start":"20251123","event_date_end":"","event_start_time":"","event_country":"portugal","event_ticket_url":"https:\/\/apedalar.pt\/eventos\/3992\/info","event_latitude":"40.5357","event_longitude":"-7.2673","event_rating":"","is_hot_event":false,"event_participants_count":"0","organizer_avatar":false,"event_gallery":false,"event_location_text":"Guarda","event_short_description":"<p data-start=\"3596\" data-end=\"4009\">A <strong data-start=\"3598\" data-end=\"3639\">Invernal de BTT Cidade da Guarda 2025<\/strong> realiza-se a <strong data-start=\"3653\" data-end=\"3679\">23 de novembro de 2025<\/strong>, na cidade da Guarda. Organizada pelo Clube de Montanhismo da Guarda em parceria com a C\u00e2mara Municipal da Guarda, esta cl\u00e1ssica de BTT oferece tr\u00eas percursos: <strong data-start=\"3840\" data-end=\"3873\">Maratona GPS (~60 km, 1200D+)<\/strong>, <strong data-start=\"3875\" data-end=\"3908\">Meia Maratona (~40 km, 600D+)<\/strong> e <strong data-start=\"3911\" data-end=\"3944\">Mini Maratona (~20 km, 300D+)<\/strong>, para al\u00e9m do Encontro de Escolas no Parque Urbano do Rio Diz.<\/p>\n<p data-start=\"4011\" data-end=\"4281\">Integrada no <strong data-start=\"4024\" data-end=\"4048\">Circuito XCM da ACBI<\/strong> e no <strong data-start=\"4054\" data-end=\"4077\">Circuito de Escolas<\/strong>, a prova atrai atletas competitivos e praticantes ocasionais, num percurso exigente que combina caminhos rurais, trilhos e estradas secund\u00e1rias, em regime de estrada aberta e com total apoio log\u00edstico.<\/p>\n<p data-start=\"4283\" data-end=\"4543\">Conhecida pelo seu ambiente de inverno e esp\u00edrito comunit\u00e1rio, a prova alia competi\u00e7\u00e3o, resist\u00eancia e tradi\u00e7\u00e3o local. Com abastecimentos, apoio m\u00e9dico, pr\u00e9mios finisher e almo\u00e7o no final, a Invernal de BTT \u00e9 uma refer\u00eancia para os amantes de BTT em Portugal.<\/p>\n","organizer_description":"<p data-start=\"4567\" data-end=\"4586\"><a href=\"https:\/\/assets.apedalar.pt\/media\/7696\/689490632b60e_regulamento.pdf\"><strong data-start=\"4567\" data-end=\"4582\">Regulamento<\/strong> \u2197<\/a><\/p>\n<p data-start=\"4588\" data-end=\"4925\"><strong data-start=\"4588\" data-end=\"4617\">Escal\u00f5es et\u00e1rios\/divis\u00f5es<\/strong>:<br data-start=\"4618\" data-end=\"4621\" \/>Masculinos \u2013 Sub17 (15\u201316), Sub19 (17\u201318), Elites\/Sub23 (19+), Master30 (30\u201339), Master40 (40\u201349), Master50 (50\u201359), Master60 (60\u201369), Geral.<br data-start=\"4762\" data-end=\"4765\" \/>Femininos \u2013 Sub17 (15\u201316), Sub19 (17\u201318), Elites\/Sub23 (19\u201329), Master30 (30\u201339), Master40 (40\u201349), Master50 (50+), Geral.<br data-start=\"4887\" data-end=\"4890\" \/>E-Bikes \u2013 apenas p\u00f3dios da geral.<\/p>\n<p data-start=\"4927\" data-end=\"4988\"><strong data-start=\"4927\" data-end=\"4943\">Partida\/meta<\/strong>: Pavilh\u00e3o Municipal de S\u00e3o Miguel, Guarda.<\/p>\n<p data-start=\"4990\" data-end=\"5117\"><strong data-start=\"4990\" data-end=\"5013\">Hor\u00e1rios de partida<\/strong>:<br data-start=\"5014\" data-end=\"5017\" \/>09h00 \u2013 Maratona GPS<br data-start=\"5037\" data-end=\"5040\" \/>09h10 \u2013 Meia Maratona<br data-start=\"5061\" data-end=\"5064\" \/>09h20 \u2013 Mini Maratona<br data-start=\"5085\" data-end=\"5088\" \/>09h30 \u2013 Encontro de Escolas<\/p>\n<p data-start=\"5190\" data-end=\"5310\"><strong data-start=\"5190\" data-end=\"5217\">Levantamento de dorsais<\/strong>:<br data-start=\"5218\" data-end=\"5221\" \/>22 nov \u2013 15h30\u201318h30 (Pavilh\u00e3o S\u00e3o Miguel)<br data-start=\"5263\" data-end=\"5266\" \/>23 nov \u2013 07h30\u201308h45 (Pavilh\u00e3o S\u00e3o Miguel)<\/p>\n<p data-start=\"5312\" data-end=\"5355\"><strong data-start=\"5312\" data-end=\"5339\">Limite de participantes<\/strong>: 826 atletas.<\/p>\n<p data-start=\"5357\" data-end=\"5429\"><strong data-start=\"5357\" data-end=\"5385\">Data limite de inscri\u00e7\u00e3o<\/strong>: 18 de novembro de 2025 (ou at\u00e9 esgotar).<\/p>\n<p data-start=\"5431\" data-end=\"5541\"><strong data-start=\"5431\" data-end=\"5450\">Tipo de terreno<\/strong>: Trilhos rurais, caminhos de terra e estradas secund\u00e1rias, em sistema de estrada aberta.<\/p>\n<p data-start=\"5543\" data-end=\"5636\"><strong data-start=\"5543\" data-end=\"5566\">Formato do percurso<\/strong>: Mini e Meia Maratona com marca\u00e7\u00f5es; Maratona GPS por track \u201c.gpx\u201d.<\/p>\n<p data-start=\"5638\" data-end=\"5699\"><strong data-start=\"5638\" data-end=\"5665\">M\u00e9todo de cronometragem<\/strong>: Chip eletr\u00f3nico (obrigat\u00f3rio).<\/p>\n<p data-start=\"5701\" data-end=\"5769\"><strong data-start=\"5701\" data-end=\"5719\">Abastecimentos<\/strong>: S\u00f3lidos e l\u00edquidos nos postos oficiais e meta.<\/p>\n<p data-start=\"5806\" data-end=\"5983\"><strong data-start=\"5806\" data-end=\"5817\">Pr\u00e9mios<\/strong>: Trof\u00e9us e pr\u00e9mios de p\u00f3dio por escal\u00e3o e geral (Meia e Maratona GPS), equipas, E-Bikes, pr\u00e9mio finisher, diploma digital e vouchers para os Passadi\u00e7os do Mondego.<\/p>\n","race_benefits":"<p data-start=\"6016\" data-end=\"6099\">\ud83c\udfbd Kit atleta: Dorsal, op\u00e7\u00e3o de jersey, brindes de participa\u00e7\u00e3o, diploma digital.<\/p>\n<p data-start=\"6101\" data-end=\"6184\">\u23f1\ufe0f Cronometragem: Chip eletr\u00f3nico com classifica\u00e7\u00f5es na Maratona e Meia Maratona.<\/p>\n<p data-start=\"6186\" data-end=\"6273\">\ud83d\udee1\ufe0f Seguro: Seguro de responsabilidade civil (opcional seguro de acidentes pessoais).<\/p>\n<p data-start=\"6275\" data-end=\"6359\">\ud83d\udedf Apoio: Autoridades rodovi\u00e1rias, seguran\u00e7a e equipas m\u00e9dicas no percurso e meta.<\/p>\n<p data-start=\"6361\" data-end=\"6433\">\ud83e\udd64 Abastecimentos: L\u00edquidos e s\u00f3lidos em pontos oficiais e na chegada.<\/p>\n<p data-start=\"6435\" data-end=\"6506\">\ud83d\udebf Duche e lavagem de bicicletas: Dispon\u00edveis no Pavilh\u00e3o S\u00e3o Miguel.<\/p>\n<p data-start=\"6508\" data-end=\"6598\">\ud83c\udf7d\ufe0f Almo\u00e7o: Inclu\u00eddo conforme op\u00e7\u00e3o de inscri\u00e7\u00e3o (tamb\u00e9m dispon\u00edvel para acompanhantes).<\/p>\n<p data-start=\"6600\" data-end=\"6662\">\ud83c\udfc5 Pr\u00e9mio finisher: Brinde + vouchers Passadi\u00e7os do Mondego.<\/p>\n<p data-start=\"6664\" data-end=\"6721\">\ud83d\udcf8 Media: Reportagem fotogr\u00e1fica e certificado digital.<\/p>\n<p data-start=\"6723\" data-end=\"6780\">\ud83c\udfc6 Pr\u00e9mios: P\u00f3dios gerais, escal\u00f5es, equipas e E-Bikes.<\/p>\n","organizer_website":{"title":"","url":"","target":"","0":""}},"_links":{"self":[{"href":"https:\/\/racefinder.pt\/pt\/wp-json\/wp\/v2\/product\/10296","targetHints":{"allow":["GET"]}}],"collection":[{"href":"https:\/\/racefinder.pt\/pt\/wp-json\/wp\/v2\/product"}],"about":[{"href":"https:\/\/racefinder.pt\/pt\/wp-json\/wp\/v2\/types\/product"}],"replies":[{"embeddable":true,"href":"https:\/\/racefinder.pt\/pt\/wp-json\/wp\/v2\/comments?post=10296"}],"version-history":[{"count":0,"href":"https:\/\/racefinder.pt\/pt\/wp-json\/wp\/v2\/product\/10296\/revisions"}],"wp:featuredmedia":[{"embeddable":true,"href":"https:\/\/racefinder.pt\/pt\/wp-json\/wp\/v2\/media\/10286"}],"wp:attachment":[{"href":"https:\/\/racefinder.pt\/pt\/wp-json\/wp\/v2\/media?parent=10296"}],"wp:term":[{"taxonomy":"product_brand","embeddable":true,"href":"https:\/\/racefinder.pt\/pt\/wp-json\/wp\/v2\/product_brand?post=10296"},{"taxonomy":"product_cat","embeddable":true,"href":"https:\/\/racefinder.pt\/pt\/wp-json\/wp\/v2\/product_cat?post=10296"},{"taxonomy":"product_tag","embeddable":true,"href":"https:\/\/racefinder.pt\/pt\/wp-json\/wp\/v2\/product_tag?post=10296"}],"curies":[{"name":"wp","href":"https:\/\/api.w.org\/{rel}","templated":true}]}}