{"id":10233,"date":"2025-08-22T16:02:58","date_gmt":"2025-08-22T15:02:58","guid":{"rendered":"https:\/\/www.racefinder.pt\/event\/5a-maratona-btt-cumeadense-alqueva-lake-gin\/"},"modified":"2025-08-22T16:02:58","modified_gmt":"2025-08-22T15:02:58","slug":"5a-maratona-btt-cumeadense-alqueva-lake-gin","status":"publish","type":"product","link":"https:\/\/racefinder.pt\/pt\/event\/5a-maratona-btt-cumeadense-alqueva-lake-gin\/","title":{"rendered":"5\u00aa MARATONA BTT CUMEADENSE \/ ALQUEVA LAKE GIN"},"content":{"rendered":"","protected":false},"excerpt":{"rendered":"","protected":false},"featured_media":10226,"comment_status":"open","ping_status":"closed","template":"","meta":{"_acf_changed":false,"footnotes":""},"product_brand":[],"product_cat":[193,130,214],"product_tag":[],"class_list":{"0":"post-10233","1":"product","2":"type-product","3":"status-publish","4":"has-post-thumbnail","6":"product_cat-btt-pt-2","7":"product_cat-ciclismo","8":"product_cat-e-bike-pt","10":"first","11":"instock","12":"shipping-taxable","13":"purchasable","14":"product-type-variable"},"acf":{"event_date_start":"20251019","event_date_end":"","event_start_time":"","event_country":"portugal","event_ticket_url":"https:\/\/apedalar.pt\/eventos\/4001\/info","event_latitude":"38.3684","event_longitude":"-7.5134","event_rating":"","is_hot_event":false,"event_participants_count":"0","organizer_avatar":false,"event_gallery":false,"event_location_text":"Cumeada, \u00c9vora","event_short_description":"<p data-start=\"3502\" data-end=\"3869\">A <strong data-start=\"3504\" data-end=\"3554\">5.\u00aa Maratona BTT Cumeadense \/ Alqueva Lake Gin<\/strong> realiza-se a <strong data-start=\"3568\" data-end=\"3593\">19 de outubro de 2025<\/strong> em <strong data-start=\"3597\" data-end=\"3622\">Reguengos de Monsaraz<\/strong>, com partida e chegada no <strong data-start=\"3649\" data-end=\"3679\">Centro Cultural Cumeadense<\/strong>. Organizada pela sec\u00e7\u00e3o de ciclismo do Centro Cultural Cumeadense, com apoio municipal, a prova percorre caminhos rurais da zona do Alqueva\u2014estrad\u00f5es, acessos agr\u00edcolas e terreno ondulante.<\/p>\n<p data-start=\"3871\" data-end=\"4212\">Est\u00e3o dispon\u00edveis dois percursos em linha: <strong data-start=\"3914\" data-end=\"3945\">Maratona 60 km (Percurso B)<\/strong> e <strong data-start=\"3948\" data-end=\"3984\">Meia-Maratona 40 km (Percurso A)<\/strong>. A Maratona aceita <strong data-start=\"4004\" data-end=\"4037\">E-Bikes (classifica\u00e7\u00e3o geral)<\/strong>. Embora decorra em vias abertas ao tr\u00e2nsito (cumprimento do C\u00f3digo da Estrada), o tra\u00e7ado est\u00e1 sinalizado e conta com controlos, primeiros socorros e postos de abastecimento.<\/p>\n<p data-start=\"4214\" data-end=\"4535\">Aberta a <strong data-start=\"4223\" data-end=\"4261\">participantes a partir dos 14 anos<\/strong>, a maratona atribui <strong data-start=\"4282\" data-end=\"4316\">trof\u00e9us \u00e0 geral e por escal\u00f5es<\/strong> (masculinos por bandas de 10 anos; feminino com classifica\u00e7\u00e3o geral) e <strong data-start=\"4388\" data-end=\"4409\">p\u00f3dio por equipas<\/strong>. A inscri\u00e7\u00e3o pode incluir almo\u00e7o, duches e lavagem de bicicletas\u2014um programa completo para amantes de BTT de todos os n\u00edveis.<\/p>\n","organizer_description":"<p data-start=\"4571\" data-end=\"4599\"><a href=\"https:\/\/assets.apedalar.pt\/media\/7742\/689cb2287df7c_regulamento.pdf\"><strong data-start=\"4571\" data-end=\"4597\">Regulamento<\/strong> \u2197<\/a><\/p>\n<p data-start=\"4601\" data-end=\"4851\"><strong data-start=\"4601\" data-end=\"4631\">Escal\u00f5es et\u00e1rios\/divis\u00f5es:<\/strong><br data-start=\"4631\" data-end=\"4634\" \/>Masculinos: Juniores (14\u201319), Elites (20\u201329), Master A (30\u201339), Master B (40\u201349), Master C (50\u201359), Master D (60+).<br data-start=\"4749\" data-end=\"4752\" \/>Femininos: Classifica\u00e7\u00e3o geral.<br data-start=\"4783\" data-end=\"4786\" \/>E-Bikes: Classifica\u00e7\u00e3o geral (obrigat\u00f3rio no Percurso B \u2013 60 km).<\/p>\n<p data-start=\"4853\" data-end=\"4973\"><strong data-start=\"4853\" data-end=\"4883\">Locais de partida\/chegada:<\/strong><br data-start=\"4883\" data-end=\"4886\" \/>Partida, secretariado e meta no <strong data-start=\"4918\" data-end=\"4948\">Centro Cultural Cumeadense<\/strong> (Reguengos de Monsaraz).<\/p>\n<p data-start=\"4975\" data-end=\"5243\"><strong data-start=\"4975\" data-end=\"5023\">Hor\u00e1rios de partida por categoria\/dist\u00e2ncia:<\/strong><br data-start=\"5023\" data-end=\"5026\" \/>09:00 \u2013 Box 1: <strong data-start=\"5041\" data-end=\"5069\">E-Bikes (Maratona 60 km)<\/strong><br data-start=\"5069\" data-end=\"5072\" \/>09:05 \u2013 Box 2: <strong data-start=\"5087\" data-end=\"5118\">Maratona 60 km (Percurso B)<\/strong><br data-start=\"5118\" data-end=\"5121\" \/>09:10 \u2013 Box 3: <strong data-start=\"5136\" data-end=\"5172\">Meia-Maratona 40 km (Percurso A)<\/strong><br data-start=\"5172\" data-end=\"5175\" \/>08:50 \u2013 Briefing (junto ao secretariado) \u2022 08:15\u201308:55 Controlo \u201c0\u201d.<\/p>\n<p data-start=\"5302\" data-end=\"5409\"><strong data-start=\"5302\" data-end=\"5348\">Levantamento de dorsais \u2013 hor\u00e1rio e local:<\/strong><br data-start=\"5348\" data-end=\"5351\" \/><strong data-start=\"5351\" data-end=\"5362\">19 Out:<\/strong> 07:45\u201308:45 no <strong data-start=\"5378\" data-end=\"5408\">Centro Cultural Cumeadense<\/strong>.<\/p>\n<p data-start=\"5411\" data-end=\"5457\"><strong data-start=\"5411\" data-end=\"5439\">Limite de participantes:<\/strong> <strong data-start=\"5440\" data-end=\"5447\">200<\/strong> no total.<\/p>\n<p data-start=\"5459\" data-end=\"5528\"><strong data-start=\"5459\" data-end=\"5488\">Data limite de inscri\u00e7\u00e3o:<\/strong> <strong data-start=\"5489\" data-end=\"5504\">14 out 2025<\/strong> (00h00) ou at\u00e9 esgotar.<\/p>\n<p data-start=\"5530\" data-end=\"5645\"><strong data-start=\"5530\" data-end=\"5547\">Tipo de piso:<\/strong> Caminhos rurais\/agr\u00edcolas e estrad\u00f5es; percurso aberto ao tr\u00e2nsito (cumprir o C\u00f3digo da Estrada).<\/p>\n<p data-start=\"5647\" data-end=\"5796\"><strong data-start=\"5647\" data-end=\"5671\">Formato do percurso:<\/strong> <strong data-start=\"5672\" data-end=\"5694\">Percursos em linha<\/strong> (aprox. <strong data-start=\"5703\" data-end=\"5712\">60 km<\/strong> &amp; <strong data-start=\"5715\" data-end=\"5724\">40 km<\/strong>) marcados com p\u00f3 de pedra e sinal\u00e9tica; <strong data-start=\"5765\" data-end=\"5787\">postos de controlo<\/strong> ocultos.<\/p>\n<p data-start=\"5798\" data-end=\"5923\"><strong data-start=\"5798\" data-end=\"5826\">M\u00e9todo de cronometragem:<\/strong> Registo do <strong data-start=\"5838\" data-end=\"5872\">tempo final e ordem de chegada<\/strong> via controlos no percurso (sem refer\u00eancia a chip).<\/p>\n<p data-start=\"5925\" data-end=\"6084\"><strong data-start=\"5925\" data-end=\"5958\">WC e postos de abastecimento:<\/strong><br data-start=\"5958\" data-end=\"5961\" \/>Abastecimentos: <strong data-start=\"5977\" data-end=\"5990\">60 km \u2013 3<\/strong>; <strong data-start=\"5992\" data-end=\"6005\">40 km \u2013 2<\/strong>; e meta (s\u00f3lidos &amp; l\u00edquidos).<br data-start=\"6035\" data-end=\"6038\" \/>WC dispon\u00edveis no recinto (ver duches abaixo).<\/p>\n<p data-start=\"6189\" data-end=\"6427\"><strong data-start=\"6189\" data-end=\"6201\">Pr\u00e9mios:<\/strong><br data-start=\"6201\" data-end=\"6204\" \/>Trof\u00e9us para <strong data-start=\"6217\" data-end=\"6241\">top 3 da geral (M\/F)<\/strong> e <strong data-start=\"6244\" data-end=\"6275\">top 3 por escal\u00e3o masculino<\/strong> em <strong data-start=\"6279\" data-end=\"6302\">ambas as dist\u00e2ncias<\/strong> (m\u00edn. 3 atletas validados por escal\u00e3o). <strong data-start=\"6343\" data-end=\"6372\">P\u00f3dio por equipas (top 3)<\/strong> em ambas as dist\u00e2ncias. <strong data-start=\"6397\" data-end=\"6408\">E-Bikes<\/strong>: trof\u00e9us da geral.<\/p>\n","race_benefits":"<p>\ud83c\udfbd <strong data-start=\"6464\" data-end=\"6479\">Kit atleta:<\/strong> Placa frontal (dorsal), seguro de acidentes pessoais, <strong data-start=\"6534\" data-end=\"6571\">abastecimentos l\u00edquidos e s\u00f3lidos<\/strong> no percurso e na meta.<br data-start=\"6594\" data-end=\"6597\" \/>\ud83e\uddfc <strong data-start=\"6600\" data-end=\"6614\">P\u00f3s-prova:<\/strong> <strong data-start=\"6615\" data-end=\"6625\">Duches<\/strong> (Masculino: Parque Desportivo S. Marcos do Campo; Feminino: Centro Cultural) e <strong data-start=\"6705\" data-end=\"6730\">lavagem de bicicletas<\/strong> na zona de partida\/chegada.<br data-start=\"6758\" data-end=\"6761\" \/>\ud83d\udedf <strong data-start=\"6764\" data-end=\"6786\">Seguran\u00e7a &amp; apoio:<\/strong> Equipas de <strong data-start=\"6798\" data-end=\"6820\">primeiros socorros<\/strong> e percurso marcado com controlos.<br data-start=\"6854\" data-end=\"6857\" \/>\ud83c\udfc6 <strong data-start=\"6860\" data-end=\"6872\">Pr\u00e9mios:<\/strong> Trof\u00e9us para p\u00f3dios da geral, escal\u00f5es masculinos, equipas e E-Bikes (geral).<br data-start=\"6950\" data-end=\"6953\" \/>\ud83c\udf72 <strong data-start=\"6956\" data-end=\"6976\">Almo\u00e7o opcional:<\/strong> Servi\u00e7o de almo\u00e7o dispon\u00edvel para atletas e acompanhantes.<\/p>\n","organizer_website":{"title":"","url":"","target":"","0":""}},"_links":{"self":[{"href":"https:\/\/racefinder.pt\/pt\/wp-json\/wp\/v2\/product\/10233","targetHints":{"allow":["GET"]}}],"collection":[{"href":"https:\/\/racefinder.pt\/pt\/wp-json\/wp\/v2\/product"}],"about":[{"href":"https:\/\/racefinder.pt\/pt\/wp-json\/wp\/v2\/types\/product"}],"replies":[{"embeddable":true,"href":"https:\/\/racefinder.pt\/pt\/wp-json\/wp\/v2\/comments?post=10233"}],"version-history":[{"count":0,"href":"https:\/\/racefinder.pt\/pt\/wp-json\/wp\/v2\/product\/10233\/revisions"}],"wp:featuredmedia":[{"embeddable":true,"href":"https:\/\/racefinder.pt\/pt\/wp-json\/wp\/v2\/media\/10226"}],"wp:attachment":[{"href":"https:\/\/racefinder.pt\/pt\/wp-json\/wp\/v2\/media?parent=10233"}],"wp:term":[{"taxonomy":"product_brand","embeddable":true,"href":"https:\/\/racefinder.pt\/pt\/wp-json\/wp\/v2\/product_brand?post=10233"},{"taxonomy":"product_cat","embeddable":true,"href":"https:\/\/racefinder.pt\/pt\/wp-json\/wp\/v2\/product_cat?post=10233"},{"taxonomy":"product_tag","embeddable":true,"href":"https:\/\/racefinder.pt\/pt\/wp-json\/wp\/v2\/product_tag?post=10233"}],"curies":[{"name":"wp","href":"https:\/\/api.w.org\/{rel}","templated":true}]}}