{"id":10138,"date":"2025-07-07T15:07:36","date_gmt":"2025-07-07T14:07:36","guid":{"rendered":"https:\/\/www.racefinder.pt\/event\/racenature-castelo-de-vide\/"},"modified":"2026-04-29T16:29:38","modified_gmt":"2026-04-29T15:29:38","slug":"racenature-castelo-de-vide","status":"publish","type":"product","link":"https:\/\/racefinder.pt\/pt\/event\/racenature-castelo-de-vide\/","title":{"rendered":"RACENATURE CASTELO DE VIDE"},"content":{"rendered":"","protected":false},"excerpt":{"rendered":"","protected":false},"featured_media":4910,"comment_status":"open","ping_status":"closed","template":"","meta":{"_acf_changed":false,"footnotes":""},"product_brand":[],"product_cat":[193,130,236],"product_tag":[],"class_list":{"0":"post-10138","1":"product","2":"type-product","3":"status-publish","4":"has-post-thumbnail","6":"product_cat-btt-pt-2","7":"product_cat-ciclismo","8":"product_cat-gravel-pt","10":"first","11":"instock","12":"shipping-taxable","13":"purchasable","14":"product-type-variable"},"acf":{"event_start_time":"","event_country":"portugal","event_latitude":"39.4166","event_longitude":"-7.455199","event_rating":"","is_hot_event":false,"event_participants_count":"0","organizer_avatar":false,"event_gallery":false,"event_location_text":"Castelo de Vide","event_short_description":"<p data-start=\"3184\" data-end=\"3385\">O RACENATURE Castelo de Vide \u00e9 uma prova de BTT por etapas que decorre de 16 a 18 de outubro de 2026 e combina pr\u00f3logo e duas etapas num formato de aventura, navega\u00e7\u00e3o por GPS e competi\u00e7\u00e3o em montanha.<\/p>\n<p data-start=\"3387\" data-end=\"3619\">Integrado na regulamenta\u00e7\u00e3o da Federa\u00e7\u00e3o Portuguesa de Ciclismo, o evento est\u00e1 aberto a participantes a solo, duplas e bicicletas el\u00e9tricas, com classifica\u00e7\u00f5es por categorias e classifica\u00e7\u00e3o geral pela soma dos tempos dos tr\u00eas dias.<\/p>\n<p data-start=\"3621\" data-end=\"3876\">Realizado em trilhos e caminhos rurais na regi\u00e3o de Castelo de Vide, o evento combina componente competitiva, estrat\u00e9gia de prova por etapas e esp\u00edrito de aventura, com apoio mec\u00e2nico, abastecimentos, assist\u00eancia m\u00e9dica e pr\u00e9mios para finalistas e p\u00f3dios<\/p>\n","organizer_description":"<p data-start=\"3893\" data-end=\"3915\"><a href=\"https:\/\/cabreirasolutions.com\/evento\/racenature-castelo-de-vide\/?tab=regulamento#page-content\"><strong data-start=\"3893\" data-end=\"3915\">Link regulamento \u2197<\/strong><\/a><\/p>\n<p data-start=\"3917\" data-end=\"4028\"><strong data-start=\"3917\" data-end=\"3929\">Programa<\/strong><br data-start=\"3929\" data-end=\"3932\" \/>\u2022 16 outubro \u2014 Pr\u00f3logo (18:30)<br data-start=\"3962\" data-end=\"3965\" \/>\u2022 17 outubro \u2014 Etapa 1 (09:00)<br data-start=\"3995\" data-end=\"3998\" \/>\u2022 18 outubro \u2014 Etapa 2 (09:00)<\/p>\n<p data-start=\"4030\" data-end=\"4176\"><strong data-start=\"4030\" data-end=\"4050\">Formato de prova<\/strong><br data-start=\"4050\" data-end=\"4053\" \/>\u2022 Prova BTT por etapas de 3 dias<br data-start=\"4085\" data-end=\"4088\" \/>\u2022 Pr\u00f3logo + 2 etapas<br data-start=\"4108\" data-end=\"4111\" \/>\u2022 Classifica\u00e7\u00e3o geral por tempos acumulados<br data-start=\"4154\" data-end=\"4157\" \/>\u2022 Navega\u00e7\u00e3o por GPS<\/p>\n<p data-start=\"4178\" data-end=\"4252\"><strong data-start=\"4178\" data-end=\"4192\">Dist\u00e2ncias<\/strong><br data-start=\"4192\" data-end=\"4195\" \/>\u2022 Dist\u00e2ncias e altimetrias por confirmar pela organiza\u00e7\u00e3o<\/p>\n<p data-start=\"4254\" data-end=\"4355\"><strong data-start=\"4254\" data-end=\"4268\">Categorias<\/strong><br data-start=\"4268\" data-end=\"4271\" \/><strong data-start=\"4271\" data-end=\"4280\">Solos<\/strong><br data-start=\"4280\" data-end=\"4283\" \/>\u2022 Elites Masculinos<br data-start=\"4302\" data-end=\"4305\" \/>\u2022 Masters 30 \/ 40 \/ 50 \/ 60 \/ 70<br data-start=\"4337\" data-end=\"4340\" \/>\u2022 Pro Femininas<\/p>\n<p data-start=\"4357\" data-end=\"4407\"><strong data-start=\"4357\" data-end=\"4367\">Duplas<\/strong><br data-start=\"4367\" data-end=\"4370\" \/>\u2022 Masculinas<br data-start=\"4382\" data-end=\"4385\" \/>\u2022 Femininas<br data-start=\"4396\" data-end=\"4399\" \/>\u2022 Mistas<\/p>\n<p data-start=\"4409\" data-end=\"4471\"><strong data-start=\"4409\" data-end=\"4431\">Prazo de inscri\u00e7\u00e3o<\/strong><br data-start=\"4431\" data-end=\"4434\" \/>\u2022 At\u00e9 8 outubro 2026 ou esgotar vagas<\/p>\n<p data-start=\"4473\" data-end=\"4516\"><strong data-start=\"4473\" data-end=\"4500\">Limite de participantes<\/strong><br data-start=\"4500\" data-end=\"4503\" \/>\u2022 250 atletas<\/p>\n<p data-start=\"4518\" data-end=\"4567\"><strong data-start=\"4518\" data-end=\"4535\">Cronometragem<\/strong><br data-start=\"4535\" data-end=\"4538\" \/>\u2022 Sistema eletr\u00f3nico com chip<\/p>\n<p data-start=\"4569\" data-end=\"4710\"><strong data-start=\"4569\" data-end=\"4591\">Apoios no percurso<\/strong><br data-start=\"4591\" data-end=\"4594\" \/>\u2022 2 abastecimentos por etapa<br data-start=\"4622\" data-end=\"4625\" \/>\u2022 Assist\u00eancia mec\u00e2nica<br data-start=\"4647\" data-end=\"4650\" \/>\u2022 Apoio m\u00e9dico<br data-start=\"4664\" data-end=\"4667\" \/>\u2022 Bengaleiro, balne\u00e1rios e servi\u00e7os paddock<\/p>\n<p data-start=\"4712\" data-end=\"4806\"><strong data-start=\"4712\" data-end=\"4723\">Pr\u00e9mios<\/strong><br data-start=\"4723\" data-end=\"4726\" \/>\u2022 Medalha finisher<br data-start=\"4744\" data-end=\"4747\" \/>\u2022 Jerseys de l\u00edder<br data-start=\"4765\" data-end=\"4768\" \/>\u2022 Trof\u00e9us top 3 em todas as categorias<\/p>\n","race_benefits":"<p data-start=\"3893\" data-end=\"3915\">\ud83d\udeb5 Experi\u00eancia de prova BTT por etapas<br data-start=\"4860\" data-end=\"4863\" \/>\ud83e\udded Desafio com navega\u00e7\u00e3o GPS<br data-start=\"4891\" data-end=\"4894\" \/>\ud83c\udfc5 Medalha finisher e pr\u00e9mios por categorias<br data-start=\"4938\" data-end=\"4941\" \/>\u23f1\ufe0f Cronometragem oficial<br data-start=\"4965\" data-end=\"4968\" \/>\ud83e\udd64 Abastecimentos e refor\u00e7o p\u00f3s-etapa<br data-start=\"5005\" data-end=\"5008\" \/>\ud83d\udd27 Assist\u00eancia mec\u00e2nica<br data-start=\"5031\" data-end=\"5034\" \/>\ud83d\ude91 Apoio m\u00e9dico e op\u00e7\u00f5es de seguro<br data-start=\"5068\" data-end=\"5071\" \/>\ud83c\udfbd Frontal personalizado e brindes do evento<\/p>\n","event_date_start":"20261016","event_date_end":"20261018","event_ticket_url":"https:\/\/cabreirasolutions.com\/evento\/racenature-castelo-de-vide\/?tab#page-content","purchasing_all_variations_through_woocommerce":false,"optional_extras":false,"event_faq_headline":"","event_faq_items":false,"organizer_website":{"title":"","url":"","target":"","0":""}},"_links":{"self":[{"href":"https:\/\/racefinder.pt\/pt\/wp-json\/wp\/v2\/product\/10138","targetHints":{"allow":["GET"]}}],"collection":[{"href":"https:\/\/racefinder.pt\/pt\/wp-json\/wp\/v2\/product"}],"about":[{"href":"https:\/\/racefinder.pt\/pt\/wp-json\/wp\/v2\/types\/product"}],"replies":[{"embeddable":true,"href":"https:\/\/racefinder.pt\/pt\/wp-json\/wp\/v2\/comments?post=10138"}],"version-history":[{"count":1,"href":"https:\/\/racefinder.pt\/pt\/wp-json\/wp\/v2\/product\/10138\/revisions"}],"predecessor-version":[{"id":47518,"href":"https:\/\/racefinder.pt\/pt\/wp-json\/wp\/v2\/product\/10138\/revisions\/47518"}],"wp:featuredmedia":[{"embeddable":true,"href":"https:\/\/racefinder.pt\/pt\/wp-json\/wp\/v2\/media\/4910"}],"wp:attachment":[{"href":"https:\/\/racefinder.pt\/pt\/wp-json\/wp\/v2\/media?parent=10138"}],"wp:term":[{"taxonomy":"product_brand","embeddable":true,"href":"https:\/\/racefinder.pt\/pt\/wp-json\/wp\/v2\/product_brand?post=10138"},{"taxonomy":"product_cat","embeddable":true,"href":"https:\/\/racefinder.pt\/pt\/wp-json\/wp\/v2\/product_cat?post=10138"},{"taxonomy":"product_tag","embeddable":true,"href":"https:\/\/racefinder.pt\/pt\/wp-json\/wp\/v2\/product_tag?post=10138"}],"curies":[{"name":"wp","href":"https:\/\/api.w.org\/{rel}","templated":true}]}}