{"id":47368,"date":"2026-04-29T00:10:04","date_gmt":"2026-04-28T23:10:04","guid":{"rendered":"https:\/\/racefinder.pt\/?post_type=product&#038;p=47368"},"modified":"2026-04-29T12:08:10","modified_gmt":"2026-04-29T11:08:10","slug":"crossing-the-ria-swimming","status":"publish","type":"product","link":"https:\/\/racefinder.pt\/en\/event\/crossing-the-ria-swimming\/","title":{"rendered":"Crossing the Ria Swimming"},"content":{"rendered":"","protected":false},"excerpt":{"rendered":"","protected":false},"featured_media":46387,"comment_status":"open","ping_status":"closed","template":"","meta":{"_acf_changed":false,"footnotes":""},"product_brand":[],"product_cat":[44,43],"product_tag":[],"class_list":{"0":"post-47368","1":"product","2":"type-product","3":"status-publish","4":"has-post-thumbnail","6":"product_cat-open-water","7":"product_cat-swimming","9":"first","10":"instock","11":"shipping-taxable","12":"product-type-variable"},"acf":{"event_date_start":"20260628","event_location_text":"\u00cdlhavo, Aveiro","event_ticket_url":"https:\/\/lap2go.com\/pt\/event\/travessia-da-ria-a-nado-2026","event_latitude":"40.6125","event_longitude":"-8.7495","event_short_description":"<p>The 17th edition of the Travessia da Ria a Nado, an open water swimming race, will take place on June 28, 2026, at Costa Nova, Portugal. This event is organized by the C\u00e2mara Municipal de \u00cdlhavo and is part of the \u00cdlhavo Youth Week.<\/p>\n<p>The race offers a unique opportunity to swim across the Ria in a scenic coastal setting. It attracts swimmers of various levels, contributing to a festive and community-oriented atmosphere.<\/p>\n","organizer_description":"<p><strong>Start\/finish locations:<\/strong> Costa Nova, Portugal<\/p>\n<p><strong>Timing method:<\/strong> Electronic timing<\/p>\n","race_benefits":"","event_faq_headline":"FAQ","event_faq_items":false,"event_country":"portugal","event_start_time":"","event_date_end":"20260628","purchasing_all_variations_through_woocommerce":false,"event_full_address":"","event_rating":"","is_hot_event":false,"event_participants_count":"0","organizer_name":"","organizer_website":"","organizer_avatar":false,"event_gallery":false,"optional_extras":false},"_links":{"self":[{"href":"https:\/\/racefinder.pt\/en\/wp-json\/wp\/v2\/product\/47368","targetHints":{"allow":["GET"]}}],"collection":[{"href":"https:\/\/racefinder.pt\/en\/wp-json\/wp\/v2\/product"}],"about":[{"href":"https:\/\/racefinder.pt\/en\/wp-json\/wp\/v2\/types\/product"}],"replies":[{"embeddable":true,"href":"https:\/\/racefinder.pt\/en\/wp-json\/wp\/v2\/comments?post=47368"}],"version-history":[{"count":1,"href":"https:\/\/racefinder.pt\/en\/wp-json\/wp\/v2\/product\/47368\/revisions"}],"predecessor-version":[{"id":47487,"href":"https:\/\/racefinder.pt\/en\/wp-json\/wp\/v2\/product\/47368\/revisions\/47487"}],"wp:featuredmedia":[{"embeddable":true,"href":"https:\/\/racefinder.pt\/en\/wp-json\/wp\/v2\/media\/46387"}],"wp:attachment":[{"href":"https:\/\/racefinder.pt\/en\/wp-json\/wp\/v2\/media?parent=47368"}],"wp:term":[{"taxonomy":"product_brand","embeddable":true,"href":"https:\/\/racefinder.pt\/en\/wp-json\/wp\/v2\/product_brand?post=47368"},{"taxonomy":"product_cat","embeddable":true,"href":"https:\/\/racefinder.pt\/en\/wp-json\/wp\/v2\/product_cat?post=47368"},{"taxonomy":"product_tag","embeddable":true,"href":"https:\/\/racefinder.pt\/en\/wp-json\/wp\/v2\/product_tag?post=47368"}],"curies":[{"name":"wp","href":"https:\/\/api.w.org\/{rel}","templated":true}]}}