{"id":43961,"date":"2026-04-15T00:03:56","date_gmt":"2026-04-14T23:03:56","guid":{"rendered":"https:\/\/racefinder.pt\/?post_type=product&#038;p=43961"},"modified":"2026-04-16T17:18:07","modified_gmt":"2026-04-16T16:18:07","slug":"lidl-setubal-triathlon-2","status":"publish","type":"product","link":"https:\/\/racefinder.pt\/en\/event\/lidl-setubal-triathlon-2\/","title":{"rendered":"Lidl Set\u00fabal Triathlon"},"content":{"rendered":"","protected":false},"excerpt":{"rendered":"","protected":false},"featured_media":39682,"comment_status":"open","ping_status":"closed","template":"","meta":{"_acf_changed":false,"footnotes":""},"product_brand":[],"product_cat":[34,30],"product_tag":[],"class_list":{"0":"post-43961","1":"product","2":"type-product","3":"status-publish","4":"has-post-thumbnail","6":"product_cat-middle-distance-triathlon","7":"product_cat-triathlon","9":"first","10":"instock","11":"shipping-taxable","12":"purchasable","13":"product-type-variable"},"acf":{"event_date_start":"20270502","event_location_text":"Set\u00fabal","event_ticket_url":"https:\/\/www.setubaltriathlon.pt\/site\/","event_latitude":"38.5141","event_longitude":"-8.9102","event_short_description":"<p>The Lidl Set\u00fabal Triathlon is a triathlon event taking place on May 2, 2027, organized by HMS Sports in partnership with the C\u00e2mara Municipal de Set\u00fabal. The race features a 1.9 km swim, 90 km cycling, and a 21.1 km run.<\/p>\n<p>The competition starts in the waters of the Rio Sado and includes routes through the city center and the challenging Serra da Arr\u00e1bida. Individual registrations are sold out, but relay team registrations remain open.<\/p>\n","organizer_description":"<p><strong>Start\/finish locations:<\/strong> Start in the waters of Rio Sado, routes pass through Set\u00fabal city center and Serra da Arr\u00e1bida<\/p>\n<p><strong>Race routes:<\/strong><br \/>\n\u2022 Swim: 1.9 km in Rio Sado<br \/>\n\u2022 Bike: 90 km through city center and Serra da Arr\u00e1bida<br \/>\n\u2022 Run: 21.1 km through city and Serra da Arr\u00e1bida<\/p>\n","race_benefits":"","event_faq_headline":"FAQ","event_faq_items":false,"event_country":"portugal","event_start_time":"","event_date_end":"20270502","purchasing_all_variations_through_woocommerce":false,"event_full_address":"","event_rating":"","is_hot_event":false,"event_participants_count":"0","organizer_name":"","organizer_website":"","organizer_avatar":false,"event_gallery":false,"optional_extras":false},"_links":{"self":[{"href":"https:\/\/racefinder.pt\/en\/wp-json\/wp\/v2\/product\/43961","targetHints":{"allow":["GET"]}}],"collection":[{"href":"https:\/\/racefinder.pt\/en\/wp-json\/wp\/v2\/product"}],"about":[{"href":"https:\/\/racefinder.pt\/en\/wp-json\/wp\/v2\/types\/product"}],"replies":[{"embeddable":true,"href":"https:\/\/racefinder.pt\/en\/wp-json\/wp\/v2\/comments?post=43961"}],"version-history":[{"count":2,"href":"https:\/\/racefinder.pt\/en\/wp-json\/wp\/v2\/product\/43961\/revisions"}],"predecessor-version":[{"id":44432,"href":"https:\/\/racefinder.pt\/en\/wp-json\/wp\/v2\/product\/43961\/revisions\/44432"}],"wp:featuredmedia":[{"embeddable":true,"href":"https:\/\/racefinder.pt\/en\/wp-json\/wp\/v2\/media\/39682"}],"wp:attachment":[{"href":"https:\/\/racefinder.pt\/en\/wp-json\/wp\/v2\/media?parent=43961"}],"wp:term":[{"taxonomy":"product_brand","embeddable":true,"href":"https:\/\/racefinder.pt\/en\/wp-json\/wp\/v2\/product_brand?post=43961"},{"taxonomy":"product_cat","embeddable":true,"href":"https:\/\/racefinder.pt\/en\/wp-json\/wp\/v2\/product_cat?post=43961"},{"taxonomy":"product_tag","embeddable":true,"href":"https:\/\/racefinder.pt\/en\/wp-json\/wp\/v2\/product_tag?post=43961"}],"curies":[{"name":"wp","href":"https:\/\/api.w.org\/{rel}","templated":true}]}}