{"id":43263,"date":"2026-04-14T00:22:48","date_gmt":"2026-04-13T23:22:48","guid":{"rendered":"https:\/\/racefinder.pt\/?post_type=product&#038;p=43263"},"modified":"2026-04-14T11:27:26","modified_gmt":"2026-04-14T10:27:26","slug":"engenho-novo-endurance-race","status":"publish","type":"product","link":"https:\/\/racefinder.pt\/en\/event\/engenho-novo-endurance-race\/","title":{"rendered":"Engenho Novo Endurance Race"},"content":{"rendered":"","protected":false},"excerpt":{"rendered":"","protected":false},"featured_media":43806,"comment_status":"open","ping_status":"closed","template":"","meta":{"_acf_changed":false,"footnotes":""},"product_brand":[],"product_cat":[36,202,182],"product_tag":[],"class_list":{"0":"post-43263","1":"product","2":"type-product","3":"status-publish","4":"has-post-thumbnail","6":"product_cat-cycling","7":"product_cat-e-bike","8":"product_cat-mtb","10":"first","11":"instock","12":"shipping-taxable","13":"purchasable","14":"product-type-variable"},"acf":{"event_date_start":"20260531","event_location_text":"Santa Maria da Feira, Aveiro","event_ticket_url":"https:\/\/lap2go.com\/pt\/event\/resistencia-engenho-novo-2026","event_latitude":"40.9756","event_longitude":"-8.6051","event_short_description":"<p>The 14th edition of the 3-hour MTB Endurance Race &#8220;Engenho Novo&#8221; will take place on May 31, 2026, in Pa\u00e7os de Brand\u00e3o, Portugal. This event is part of the Bike Challenge Resist\u00eancias Terras De Santa Maria Championship and welcomes all individuals aged 15 and above, with no need for a cycling federation license.<\/p>\n<p>Participants can compete in various categories including Juniors, Elite, Masters, and E-Bikes, with race durations ranging from 1.5 to 3 hours depending on the category. The race features a competitive atmosphere with individual and team classifications, including prizes for the top male, female, and E-Bike finishers, as well as the largest team.<\/p>\n<p>The race starts at the entrance of Quinta do Engenho Novo in Pa\u00e7os de Brand\u00e3o, with facilities including parking and showers available at the nearby GRIB premises. The event offers a challenging endurance format with a focus on mountain biking skills and strategy.<\/p>\n","organizer_description":"<p><strong><a class=\"\" href=\"https:\/\/s3.lap2go.com\/events\/2026\/resistencia-engenho-novo\/Regulamento-resistencia-engenho-novo-2026-min.pdf\" target=\"_new\" rel=\"noopener\">Regulation link \u2197<\/a><\/strong><\/p>\n<p><strong>Start\/finish locations:<\/strong> Entrance of Quinta do Engenho Novo in Pa\u00e7os de Brand\u00e3o (GPS: N 40.9747478, W 8.59933)<\/p>\n<p><strong>Parking and shuttle details:<\/strong> Parking and showers available at GRIB (Grupo Recreativo Independente Brandoense) facilities (GPS: N 40.972203, W -8.59392)<\/p>\n<p><strong>Start times per category\/distance:<\/strong><br \/>\n\u2022 7:30: Secretariat opens<br \/>\n\u2022 9:00: Race start<br \/>\n\u2022 10:30: Race end for Juniors, Females, and Male Promotion<br \/>\n\u2022 11:00: Race end for Master 50 \/ 55 \/ 60<br \/>\n\u2022 12:00: Race end for all categories<br \/>\n\u2022 13:00: Prize ceremony<\/p>\n<p><strong>Age categories\/divisions:<\/strong><br \/>\n\u2022 Juniors (up to 18 years, 1.5-hour race)<br \/>\n\u2022 Sub23 (19-22 years)<br \/>\n\u2022 Elite (23-29 years)<br \/>\n\u2022 Master 30 (30-34 years)<br \/>\n\u2022 Master 35 (35-39 years)<br \/>\n\u2022 Master 40 (40-44 years)<br \/>\n\u2022 Master 45 (45-49 years)<br \/>\n\u2022 Master 50 (50-54 years, 2-hour race)<br \/>\n\u2022 Master 55 (55-59 years, 2-hour race)<br \/>\n\u2022 Master 60 (60+ years, 2-hour race)<br \/>\n\u2022 Female General (2-hour race)<br \/>\n\u2022 E-Bikes General (3-hour race)<\/p>\n<p><strong>Cut-off times:<\/strong><br \/>\n\u2022 Juniors: 1.5 hours<br \/>\n\u2022 Females and Masters 50\/55\/60: 2 hours<br \/>\n\u2022 Sub23, Elite, Masters 30\/35\/40\/45, E-Bikes: 3 hours<\/p>\n<p><strong>Prizes:<\/strong><br \/>\n\u2022 Top 3 Male, Female, and E-Bike finishers receive 75, 50, and 25 bikes respectively<br \/>\n\u2022 Largest team prize: 150 bikes<\/p>\n<p><strong>Timing method:<\/strong> Electronic timing<\/p>\n<p><strong>Registration deadline:<\/strong> May 31, 2026<\/p>\n","race_benefits":"","event_faq_headline":"FAQ","event_faq_items":false,"event_country":"portugal","event_start_time":"","event_date_end":"20260531","purchasing_all_variations_through_woocommerce":false,"event_full_address":"","event_rating":"","is_hot_event":false,"event_participants_count":"0","organizer_name":"","organizer_website":"","organizer_avatar":false,"event_gallery":false,"optional_extras":false},"_links":{"self":[{"href":"https:\/\/racefinder.pt\/en\/wp-json\/wp\/v2\/product\/43263","targetHints":{"allow":["GET"]}}],"collection":[{"href":"https:\/\/racefinder.pt\/en\/wp-json\/wp\/v2\/product"}],"about":[{"href":"https:\/\/racefinder.pt\/en\/wp-json\/wp\/v2\/types\/product"}],"replies":[{"embeddable":true,"href":"https:\/\/racefinder.pt\/en\/wp-json\/wp\/v2\/comments?post=43263"}],"version-history":[{"count":1,"href":"https:\/\/racefinder.pt\/en\/wp-json\/wp\/v2\/product\/43263\/revisions"}],"predecessor-version":[{"id":43826,"href":"https:\/\/racefinder.pt\/en\/wp-json\/wp\/v2\/product\/43263\/revisions\/43826"}],"wp:featuredmedia":[{"embeddable":true,"href":"https:\/\/racefinder.pt\/en\/wp-json\/wp\/v2\/media\/43806"}],"wp:attachment":[{"href":"https:\/\/racefinder.pt\/en\/wp-json\/wp\/v2\/media?parent=43263"}],"wp:term":[{"taxonomy":"product_brand","embeddable":true,"href":"https:\/\/racefinder.pt\/en\/wp-json\/wp\/v2\/product_brand?post=43263"},{"taxonomy":"product_cat","embeddable":true,"href":"https:\/\/racefinder.pt\/en\/wp-json\/wp\/v2\/product_cat?post=43263"},{"taxonomy":"product_tag","embeddable":true,"href":"https:\/\/racefinder.pt\/en\/wp-json\/wp\/v2\/product_tag?post=43263"}],"curies":[{"name":"wp","href":"https:\/\/api.w.org\/{rel}","templated":true}]}}