{"id":36215,"date":"2026-03-06T23:05:15","date_gmt":"2026-03-06T23:05:15","guid":{"rendered":"https:\/\/racefinder.pt\/?post_type=product&#038;p=36215"},"modified":"2026-04-01T16:54:12","modified_gmt":"2026-04-01T15:54:12","slug":"6th-stage-resistencia-mtb-dar","status":"publish","type":"product","link":"https:\/\/racefinder.pt\/en\/event\/6th-stage-resistencia-mtb-dar\/","title":{"rendered":"6th Stage &#8211; Resist\u00eancia MTB DAR"},"content":{"rendered":"","protected":false},"excerpt":{"rendered":"","protected":false},"featured_media":35764,"comment_status":"open","ping_status":"closed","template":"","meta":{"_acf_changed":false,"footnotes":""},"product_brand":[],"product_cat":[36,182],"product_tag":[],"class_list":{"0":"post-36215","1":"product","2":"type-product","3":"status-publish","4":"has-post-thumbnail","6":"product_cat-cycling","7":"product_cat-mtb","9":"first","10":"instock","11":"shipping-taxable","12":"product-type-variable"},"acf":{"event_date_start":"20260718","event_location_text":"\u00c1gueda, Aveiro","event_ticket_url":"https:\/\/lap2go.com\/pt\/event\/resistencia-btt-dar-2026","event_latitude":"40.5688","event_longitude":"-8.4618","event_short_description":"<p>The 6th Stage &#8211; Resist\u00eancia BTT DAR is a mountain bike endurance race taking place on July 18, 2026, in Recard\u00e3es, \u00c1gueda. This event is part of the Championship of Mountain Bike Endurance of the Municipality of \u00c1gueda \u2013 Bxpress series.<\/p>\n<p>Organized by Clube Desportivo \u00c1gueda Bike Friends in partnership with the Municipality of \u00c1gueda, the race attracts mountain biking enthusiasts competing in a challenging endurance format.<\/p>\n","organizer_description":"<p><strong>Start\/finish locations:<\/strong> Recard\u00e3es, \u00c1gueda<\/p>\n<p><strong>Surface types:<\/strong> Mountain bike trails<\/p>\n<p><strong>Course format:<\/strong> Endurance mountain bike race<\/p>\n","race_benefits":"","event_faq_headline":"FAQ","event_faq_items":false,"event_country":"portugal","event_start_time":"","event_date_end":"20260718","purchasing_all_variations_through_woocommerce":false,"event_full_address":"","event_rating":"","is_hot_event":false,"event_participants_count":"0","organizer_name":"","organizer_website":"","organizer_avatar":false,"event_gallery":false,"optional_extras":false},"_links":{"self":[{"href":"https:\/\/racefinder.pt\/en\/wp-json\/wp\/v2\/product\/36215","targetHints":{"allow":["GET"]}}],"collection":[{"href":"https:\/\/racefinder.pt\/en\/wp-json\/wp\/v2\/product"}],"about":[{"href":"https:\/\/racefinder.pt\/en\/wp-json\/wp\/v2\/types\/product"}],"replies":[{"embeddable":true,"href":"https:\/\/racefinder.pt\/en\/wp-json\/wp\/v2\/comments?post=36215"}],"version-history":[{"count":1,"href":"https:\/\/racefinder.pt\/en\/wp-json\/wp\/v2\/product\/36215\/revisions"}],"predecessor-version":[{"id":36650,"href":"https:\/\/racefinder.pt\/en\/wp-json\/wp\/v2\/product\/36215\/revisions\/36650"}],"wp:featuredmedia":[{"embeddable":true,"href":"https:\/\/racefinder.pt\/en\/wp-json\/wp\/v2\/media\/35764"}],"wp:attachment":[{"href":"https:\/\/racefinder.pt\/en\/wp-json\/wp\/v2\/media?parent=36215"}],"wp:term":[{"taxonomy":"product_brand","embeddable":true,"href":"https:\/\/racefinder.pt\/en\/wp-json\/wp\/v2\/product_brand?post=36215"},{"taxonomy":"product_cat","embeddable":true,"href":"https:\/\/racefinder.pt\/en\/wp-json\/wp\/v2\/product_cat?post=36215"},{"taxonomy":"product_tag","embeddable":true,"href":"https:\/\/racefinder.pt\/en\/wp-json\/wp\/v2\/product_tag?post=36215"}],"curies":[{"name":"wp","href":"https:\/\/api.w.org\/{rel}","templated":true}]}}