{"id":22484,"date":"2025-12-16T06:18:57","date_gmt":"2025-12-16T06:18:57","guid":{"rendered":"https:\/\/www.racefinder.pt\/?post_type=product&#038;p=22484"},"modified":"2025-12-16T15:23:46","modified_gmt":"2025-12-16T15:23:46","slug":"triatlo-sao-martinho","status":"publish","type":"product","link":"https:\/\/racefinder.pt\/en\/event\/triatlo-sao-martinho\/","title":{"rendered":"Triatlo S\u00e3o Martinho"},"content":{"rendered":"","protected":false},"excerpt":{"rendered":"","protected":false},"featured_media":22683,"comment_status":"open","ping_status":"closed","template":"","meta":{"_acf_changed":false,"footnotes":""},"product_brand":[],"product_cat":[16],"product_tag":[],"class_list":{"0":"post-22484","1":"product","2":"type-product","3":"status-publish","4":"has-post-thumbnail","6":"product_cat-others","8":"first","9":"instock","10":"shipping-taxable","11":"product-type-variable"},"acf":{"event_short_description":"<p>A Federa\u00e7\u00e3o de Triatlo de Portugal organiza uma variedade de eventos de triatlo por todo o pa\u00eds, incluindo provas de duatlo e aquatlo, em v\u00e1rias regi\u00f5es e cidades. Estes eventos fazem parte do calend\u00e1rio nacional e incluem competi\u00e7\u00f5es para diferentes faixas et\u00e1rias e n\u00edveis competitivos.<\/p>\n<p>As provas oferecem uma gama de dist\u00e2ncias adequadas para atletas de v\u00e1rios n\u00edveis, desde categorias juvenis at\u00e9 divis\u00f5es elite e veteranos. A federa\u00e7\u00e3o apoia tamb\u00e9m o paratriatlo e promove a participa\u00e7\u00e3o inclusiva.<\/p>\n<p>Com foco na excel\u00eancia competitiva e no envolvimento da comunidade, as provas decorrem em locais diversos e cenogr\u00e1ficos por todo Portugal, fomentando uma atmosfera vibrante e de apoio para atletas e espetadores.<\/p>\n","organizer_description":"","race_benefits":"","event_date_start":"20260920","event_date_end":"20260920","event_start_time":"","event_country":"portugal","event_ticket_url":"https:\/\/www.federacao-triatlo.pt\/","event_latitude":"39.5135","event_longitude":"-9.1335","event_rating":"","is_hot_event":false,"event_participants_count":"0","organizer_avatar":false,"event_gallery":false,"event_location_text":"S\u00e3o Martinho do Porto","organizer_website":{"title":"","url":"","target":"","0":""}},"_links":{"self":[{"href":"https:\/\/racefinder.pt\/en\/wp-json\/wp\/v2\/product\/22484","targetHints":{"allow":["GET"]}}],"collection":[{"href":"https:\/\/racefinder.pt\/en\/wp-json\/wp\/v2\/product"}],"about":[{"href":"https:\/\/racefinder.pt\/en\/wp-json\/wp\/v2\/types\/product"}],"replies":[{"embeddable":true,"href":"https:\/\/racefinder.pt\/en\/wp-json\/wp\/v2\/comments?post=22484"}],"version-history":[{"count":0,"href":"https:\/\/racefinder.pt\/en\/wp-json\/wp\/v2\/product\/22484\/revisions"}],"wp:featuredmedia":[{"embeddable":true,"href":"https:\/\/racefinder.pt\/en\/wp-json\/wp\/v2\/media\/22683"}],"wp:attachment":[{"href":"https:\/\/racefinder.pt\/en\/wp-json\/wp\/v2\/media?parent=22484"}],"wp:term":[{"taxonomy":"product_brand","embeddable":true,"href":"https:\/\/racefinder.pt\/en\/wp-json\/wp\/v2\/product_brand?post=22484"},{"taxonomy":"product_cat","embeddable":true,"href":"https:\/\/racefinder.pt\/en\/wp-json\/wp\/v2\/product_cat?post=22484"},{"taxonomy":"product_tag","embeddable":true,"href":"https:\/\/racefinder.pt\/en\/wp-json\/wp\/v2\/product_tag?post=22484"}],"curies":[{"name":"wp","href":"https:\/\/api.w.org\/{rel}","templated":true}]}}