{"id":2076,"date":"2025-06-09T12:23:39","date_gmt":"2025-06-09T11:23:39","guid":{"rendered":"https:\/\/www.racefinder.pt\/event\/triatlo-jovem-de-viseu\/"},"modified":"2025-07-10T10:48:14","modified_gmt":"2025-07-10T09:48:14","slug":"triatlo-jovem-de-viseu","status":"publish","type":"product","link":"https:\/\/racefinder.pt\/en\/event\/triatlo-jovem-de-viseu\/","title":{"rendered":"Triatlo Jovem de Viseu"},"content":{"rendered":"","protected":false},"excerpt":{"rendered":"","protected":false},"featured_media":2074,"comment_status":"open","ping_status":"closed","template":"","meta":{"_acf_changed":false,"footnotes":""},"product_brand":[],"product_cat":[132,475],"product_tag":[],"class_list":{"0":"post-2076","1":"product","2":"type-product","3":"status-publish","4":"has-post-thumbnail","6":"product_cat-triatlo","7":"product_cat-jovens-pt","9":"first","10":"instock","11":"shipping-taxable","12":"product-type-simple"},"acf":{"event_date_start":"20250914","event_date_end":"","event_start_time":"","event_country":"portugal","event_ticket_url":"https:\/\/www.federacao-triatlo.pt\/","event_latitude":"40.6619","event_longitude":"-7.9096","event_rating":"","is_hot_event":false,"organizer_avatar":false,"event_gallery":false,"event_participants_count":"0","organizer_website":{"title":"","url":"https:\/\/www.federacao-triatlo.pt\/","target":""},"event_location_text":"Viseu","event_short_description":"<p>O Triatlo Jovem de Viseu re\u00fane jovens atletas de toda a regi\u00e3o para um dia de energia, entusiasmo e desenvolvimento desportivo. Integrado no Campeonato Norte Jovem, o evento destaca-se pelo foco na forma\u00e7\u00e3o, no esp\u00edrito competitivo saud\u00e1vel e na promo\u00e7\u00e3o da nova gera\u00e7\u00e3o do triatlo. <\/p>\n<p>Tipo de Evento: Campeonato Regional Norte Jovem<\/p>\n","organizer_name":"Federa\u00e7\u00e3o de Triatlo de Portugal","organizer_description":"<p>A<strong data-start=\"255\" data-end=\"290\"> Federa\u00e7\u00e3o de Triatlo de Portugal <\/strong>\u00e9 a entidade oficial respons\u00e1vel pela regulamenta\u00e7\u00e3o, promo\u00e7\u00e3o e desenvolvimento do triatlo em Portugal. \u00c9 respons\u00e1vel por promover, regulamentar e desenvolver a modalidade em todo o pa\u00eds. Atrav\u00e9s da organiza\u00e7\u00e3o de competi\u00e7\u00f5es nacionais, programas de desenvolvimento de atletas e representa\u00e7\u00e3o internacional, a federa\u00e7\u00e3o desempenha um papel fundamental no crescimento do triatlo em todos os n\u00edveis.<\/p>\n<p>competicoes@federacao-triatlo.pt<\/p>\n"},"_links":{"self":[{"href":"https:\/\/racefinder.pt\/en\/wp-json\/wp\/v2\/product\/2076","targetHints":{"allow":["GET"]}}],"collection":[{"href":"https:\/\/racefinder.pt\/en\/wp-json\/wp\/v2\/product"}],"about":[{"href":"https:\/\/racefinder.pt\/en\/wp-json\/wp\/v2\/types\/product"}],"replies":[{"embeddable":true,"href":"https:\/\/racefinder.pt\/en\/wp-json\/wp\/v2\/comments?post=2076"}],"version-history":[{"count":0,"href":"https:\/\/racefinder.pt\/en\/wp-json\/wp\/v2\/product\/2076\/revisions"}],"wp:featuredmedia":[{"embeddable":true,"href":"https:\/\/racefinder.pt\/en\/wp-json\/wp\/v2\/media\/2074"}],"wp:attachment":[{"href":"https:\/\/racefinder.pt\/en\/wp-json\/wp\/v2\/media?parent=2076"}],"wp:term":[{"taxonomy":"product_brand","embeddable":true,"href":"https:\/\/racefinder.pt\/en\/wp-json\/wp\/v2\/product_brand?post=2076"},{"taxonomy":"product_cat","embeddable":true,"href":"https:\/\/racefinder.pt\/en\/wp-json\/wp\/v2\/product_cat?post=2076"},{"taxonomy":"product_tag","embeddable":true,"href":"https:\/\/racefinder.pt\/en\/wp-json\/wp\/v2\/product_tag?post=2076"}],"curies":[{"name":"wp","href":"https:\/\/api.w.org\/{rel}","templated":true}]}}