{"id":11236,"date":"2025-07-07T16:18:20","date_gmt":"2025-07-07T15:18:20","guid":{"rendered":"https:\/\/www.racefinder.pt\/event\/triton-3\/"},"modified":"2025-10-07T17:25:58","modified_gmt":"2025-10-07T16:25:58","slug":"triton-3","status":"publish","type":"product","link":"https:\/\/racefinder.pt\/en\/event\/triton-3\/","title":{"rendered":"TRITON 3"},"content":{"rendered":"","protected":false},"excerpt":{"rendered":"","protected":false},"featured_media":4980,"comment_status":"open","ping_status":"closed","template":"","meta":{"_acf_changed":false,"footnotes":""},"product_brand":[],"product_cat":[30,32,33,34],"product_tag":[],"class_list":{"0":"post-11236","1":"product","2":"type-product","3":"status-publish","4":"has-post-thumbnail","6":"product_cat-triathlon","7":"product_cat-sprint","8":"product_cat-long-distance-triathlon","9":"product_cat-middle-distance-triathlon","11":"first","12":"instock","13":"shipping-taxable","14":"purchasable","15":"product-type-variable"},"acf":{"event_date_start":"20260306","event_date_end":"20260308","event_start_time":"","event_country":"portugal","event_ticket_url":"https:\/\/portugal.tritonworldseries.com\/modalidades\/triton-3\/","event_latitude":"37.1366","event_longitude":"-8.5370","event_rating":"","is_hot_event":false,"event_participants_count":"0","organizer_avatar":false,"event_gallery":false,"event_location_text":"Portim\u00e3o","event_short_description":"<div id=\"model-response-message-contentr_9b0f6f1d156b041a\" class=\"markdown markdown-main-panel stronger enable-updated-hr-color\" dir=\"ltr\">\n<p>O TRITON 3 \u00e9 um triatlo que decorre em 3 dias, sendo que cada disciplina se realiza num dia diferente.<\/p>\n<p>Pode escolher uma das 3 dist\u00e2ncias oferecidas: CURTA, M\u00c9DIA ou COMPLETA. Pode tamb\u00e9m misturar as dist\u00e2ncias, escolhendo qual a dist\u00e2ncia a fazer em cada disciplina.<\/p>\n<p>Quando opta por misturar as dist\u00e2ncias, a sua classifica\u00e7\u00e3o \u00e9 apenas por disciplina.<\/p>\n<p>Al\u00e9m disso, pode escolher fazer apenas uma ou duas das disciplinas, individualmente ou em equipa.<\/p>\n<p>As dist\u00e2ncias das provas podem variar consoante o destino.<\/p>\n<\/div>\n","organizer_website":{"title":"","url":"","target":"","0":""}},"_links":{"self":[{"href":"https:\/\/racefinder.pt\/en\/wp-json\/wp\/v2\/product\/11236","targetHints":{"allow":["GET"]}}],"collection":[{"href":"https:\/\/racefinder.pt\/en\/wp-json\/wp\/v2\/product"}],"about":[{"href":"https:\/\/racefinder.pt\/en\/wp-json\/wp\/v2\/types\/product"}],"replies":[{"embeddable":true,"href":"https:\/\/racefinder.pt\/en\/wp-json\/wp\/v2\/comments?post=11236"}],"version-history":[{"count":0,"href":"https:\/\/racefinder.pt\/en\/wp-json\/wp\/v2\/product\/11236\/revisions"}],"wp:featuredmedia":[{"embeddable":true,"href":"https:\/\/racefinder.pt\/en\/wp-json\/wp\/v2\/media\/4980"}],"wp:attachment":[{"href":"https:\/\/racefinder.pt\/en\/wp-json\/wp\/v2\/media?parent=11236"}],"wp:term":[{"taxonomy":"product_brand","embeddable":true,"href":"https:\/\/racefinder.pt\/en\/wp-json\/wp\/v2\/product_brand?post=11236"},{"taxonomy":"product_cat","embeddable":true,"href":"https:\/\/racefinder.pt\/en\/wp-json\/wp\/v2\/product_cat?post=11236"},{"taxonomy":"product_tag","embeddable":true,"href":"https:\/\/racefinder.pt\/en\/wp-json\/wp\/v2\/product_tag?post=11236"}],"curies":[{"name":"wp","href":"https:\/\/api.w.org\/{rel}","templated":true}]}}