{"id":10773,"date":"2025-08-08T09:40:01","date_gmt":"2025-08-08T08:40:01","guid":{"rendered":"https:\/\/www.racefinder.pt\/event\/trail-camp-by-geoparque-oeste\/"},"modified":"2025-08-08T09:40:01","modified_gmt":"2025-08-08T08:40:01","slug":"trail-camp-by-geoparque-oeste","status":"publish","type":"product","link":"https:\/\/racefinder.pt\/en\/event\/trail-camp-by-geoparque-oeste\/","title":{"rendered":"TRAIL CAMP by Geoparque Oeste"},"content":{"rendered":"","protected":false},"excerpt":{"rendered":"","protected":false},"featured_media":8989,"comment_status":"open","ping_status":"closed","template":"","meta":{"_acf_changed":false,"footnotes":""},"product_brand":[],"product_cat":[16],"product_tag":[],"class_list":{"0":"post-10773","1":"product","2":"type-product","3":"status-publish","4":"has-post-thumbnail","6":"product_cat-others","8":"first","9":"instock","10":"shipping-taxable","11":"purchasable","12":"product-type-variable"},"acf":{"event_date_start":"20251114","event_date_end":"20251116","event_start_time":"","event_country":"portugal","event_ticket_url":"https:\/\/www.trilhoperdido.com\/evento\/Trail-Camp-2025","event_latitude":"39.2027","event_longitude":"-9.3286","event_rating":"","is_hot_event":false,"event_participants_count":"0","organizer_avatar":false,"event_gallery":false,"event_location_text":"Ribamar ","event_short_description":"<div id=\"model-response-message-contentr_55806cdac688d2be\" class=\"markdown markdown-main-panel stronger enable-updated-hr-color\" dir=\"ltr\">\n<p>O <b>TRAIL CAMP by Geoparque Oeste<\/b> \u00e9 uma experi\u00eancia \u00fanica de trail running que se realiza ao longo de tr\u00eas dias, de 14 a 16 de novembro de 2025, em Ribamar, Lourinh\u00e3. Este evento imersivo combina sess\u00f5es de treino em paisagens deslumbrantes, workshops de resist\u00eancia, refei\u00e7\u00f5es comunit\u00e1rias e testes de produtos de marcas, proporcionando aos atletas, tanto de lazer como de alta performance, conhecimentos valiosos e experi\u00eancia em trail. Os participantes ir\u00e3o correr nas impressionantes Escarpas da Maceira, participar em sess\u00f5es te\u00f3ricas e pr\u00e1ticas sobre t\u00e9cnica de corrida e nutri\u00e7\u00e3o, e desfrutar de refei\u00e7\u00f5es preparadas, incluindo uma Pasta Party. O evento \u00e9 limitado a 30 participantes para garantir uma experi\u00eancia de qualidade e focada. N\u00e3o ser\u00e3o fornecidos postos de abastecimento durante as sess\u00f5es de treino, pelo que \u00e9 exigida autossufici\u00eancia. O alojamento para duas noites, as refei\u00e7\u00f5es, o kit do atleta e todas as atividades est\u00e3o inclu\u00eddos na taxa de inscri\u00e7\u00e3o.<\/p>\n<\/div>\n","organizer_description":"<p><strong>Datas e hor\u00e1rio do evento:<\/strong><\/p>\n<p><strong>14 de novembro de 2025<\/strong><br \/>\n21:00 \u2013 Rece\u00e7\u00e3o dos participantes &amp; Welcome Drink (pela Adega d\u2019Arrocha)<\/p>\n<p><strong>15 de novembro de 2025<\/strong><br \/>\n07:30 \u2013 Pequeno-almo\u00e7o<br \/>\n09:00 \u2013 Treino de Trail (Escarpas da Maceira \u2013 20 km)<br \/>\n13:00 \u2013 Almo\u00e7o<br \/>\n15:00 \u2013 Workshops: T\u00e9cnica de Corrida + Nutri\u00e7\u00e3o + Showcooking<br \/>\n20:00 \u2013 Pasta Party (pela Noiva do Mar)<\/p>\n<p><strong>16 de novembro de 2025<\/strong><br \/>\n07:30 \u2013 Pequeno-almo\u00e7o<br \/>\n09:00 \u2013 Treino de Trail (Escarpas da Maceira \u2013 15 km)<br \/>\n13:00 \u2013 Almo\u00e7o<br \/>\n15:00 \u2013 Encerramento do evento<\/p>\n<p><strong>Local:<\/strong> Ribamar, Lourinh\u00e3 (\u00e1rea do Geoparque Oeste)<\/p>\n<p><strong>Dist\u00e2ncias dos treinos:<\/strong><br \/>\n\u2022 Dia 2: 20 km<br \/>\n\u2022 Dia 3: 15 km<\/p>\n<p><strong>Workshops inclu\u00eddos:<\/strong><br \/>\n\u2022 T\u00e9cnica de corrida (teoria e pr\u00e1tica)<br \/>\n\u2022 Nutri\u00e7\u00e3o para desportos de endurance<br \/>\n\u2022 Refei\u00e7\u00f5es pr\u00e9\/p\u00f3s-treino \u2013 sess\u00e3o de Showcooking<\/p>\n<p><strong>Levantamento de dorsais:<\/strong> N\u00e3o aplic\u00e1vel (evento n\u00e3o competitivo)<\/p>\n<p><strong>Locais de partida\/chegada:<\/strong> Cada treino come\u00e7a nos pontos de in\u00edcio locais em Escarpas da Maceira; coordenadas espec\u00edficas fornecidas no evento<\/p>\n<p><strong>Categorias et\u00e1rias\/divis\u00f5es:<\/strong> Aberto a adultos (sem divis\u00f5es competitivas)<\/p>\n<p><strong>Tempos limite:<\/strong> Sem cronometragem ou cortes \u2013 apenas sess\u00f5es de treino<\/p>\n<p><strong>Prazo de inscri\u00e7\u00e3o:<\/strong> 13 de novembro de 2025 (ou at\u00e9 preencher 30 vagas pagas)<\/p>\n<p><strong>Tipo de superf\u00edcie:<\/strong> Trilhos t\u00e9cnicos costeiros e florestais, caminhos de terra<\/p>\n<p><strong>Formato do percurso:<\/strong> Rotas guiadas em circuito<\/p>\n<p><strong>Estacionamento e log\u00edstica:<\/strong> Estacionamento local junto ao alojamento e locais de treino<\/p>\n<p><strong>Sanit\u00e1rios e abastecimentos:<\/strong> Sem postos de apoio; refei\u00e7\u00f5es e suporte dispon\u00edveis nas instala\u00e7\u00f5es de alojamento<\/p>\n","race_benefits":"<div id=\"model-response-message-contentr_ec747f82a467ddec\" class=\"markdown markdown-main-panel stronger enable-updated-hr-color\" dir=\"ltr\">\n<p>\ud83c\udfbd <b>Kit do Atleta:<\/b> T-shirt t\u00e9cnica do evento da SOU DO TRILHO, meias de trail da SocksBy, amostras de nutri\u00e7\u00e3o da SNUPE e outros artigos de marca.<\/p>\n<p>\ud83c\udfc5 <b>Pr\u00e9mio de Finisher:<\/b> N\u00e3o especificado (evento n\u00e3o competitivo).<\/p>\n<p>\u23f1\ufe0f <b>Cronometragem eletr\u00f3nica com chip:<\/b> N\u00e3o aplic\u00e1vel.<\/p>\n<p>\ud83d\udedf <b>Apoio \u00e0 seguran\u00e7a:<\/b> Equipa de apoio no local; os participantes devem ser autossuficientes durante as corridas em trilhos.<\/p>\n<p>\ud83d\udee1\ufe0f <b>Seguro:<\/b> Seguro de acidentes pessoais inclu\u00eddo.<\/p>\n<p>\ud83e\udd64 <b>Postos de abastecimento:<\/b> Nenhum \u2013 os participantes devem transportar a sua pr\u00f3pria hidrata\u00e7\u00e3o e alimenta\u00e7\u00e3o.<\/p>\n<p>\ud83d\udebf <b>Acesso a balne\u00e1rios<\/b> e todos os servi\u00e7os de alojamento nas instala\u00e7\u00f5es.<\/p>\n<p>\ud83e\uddf3 <b>Transporte de saco de apoio:<\/b> N\u00e3o especificado.<\/p>\n<p>\ud83d\udcf8 <b>Fotografia oficial<\/b> e cobertura medi\u00e1tica durante todo o evento.<\/p>\n<p>\ud83d\ude8c <b>Transporte:<\/b> N\u00e3o necess\u00e1rio (tudo num local central).<\/p>\n<p>\ud83e\uddd6 <b>Pasta party<\/b> e refei\u00e7\u00f5es estruturadas inclu\u00eddas (2 pequenos-almo\u00e7os, 2 almo\u00e7os, 1 jantar).<\/p>\n<p>\ud83c\udfc6 <b>Sem pr\u00e9mios<\/b> \u2013 evento focado no treino e na experi\u00eancia.<\/p>\n<\/div>\n","organizer_website":{"title":"","url":"","target":"","0":""}},"_links":{"self":[{"href":"https:\/\/racefinder.pt\/en\/wp-json\/wp\/v2\/product\/10773","targetHints":{"allow":["GET"]}}],"collection":[{"href":"https:\/\/racefinder.pt\/en\/wp-json\/wp\/v2\/product"}],"about":[{"href":"https:\/\/racefinder.pt\/en\/wp-json\/wp\/v2\/types\/product"}],"replies":[{"embeddable":true,"href":"https:\/\/racefinder.pt\/en\/wp-json\/wp\/v2\/comments?post=10773"}],"version-history":[{"count":0,"href":"https:\/\/racefinder.pt\/en\/wp-json\/wp\/v2\/product\/10773\/revisions"}],"wp:featuredmedia":[{"embeddable":true,"href":"https:\/\/racefinder.pt\/en\/wp-json\/wp\/v2\/media\/8989"}],"wp:attachment":[{"href":"https:\/\/racefinder.pt\/en\/wp-json\/wp\/v2\/media?parent=10773"}],"wp:term":[{"taxonomy":"product_brand","embeddable":true,"href":"https:\/\/racefinder.pt\/en\/wp-json\/wp\/v2\/product_brand?post=10773"},{"taxonomy":"product_cat","embeddable":true,"href":"https:\/\/racefinder.pt\/en\/wp-json\/wp\/v2\/product_cat?post=10773"},{"taxonomy":"product_tag","embeddable":true,"href":"https:\/\/racefinder.pt\/en\/wp-json\/wp\/v2\/product_tag?post=10773"}],"curies":[{"name":"wp","href":"https:\/\/api.w.org\/{rel}","templated":true}]}}